{"id":2357,"date":"2024-02-27T22:11:10","date_gmt":"2024-02-27T21:11:10","guid":{"rendered":"https:\/\/www.tableetnature.fr\/?page_id=2357"},"modified":"2026-03-04T15:56:33","modified_gmt":"2026-03-04T14:56:33","slug":"eco-friendly-return","status":"publish","type":"page","link":"https:\/\/www.tableetnature.fr\/en\/eco-friendly-return\/","title":{"rendered":"Eco-friendly return"},"content":{"rendered":"\r\n<div class=\"wp-block-columns is-layout-flex wp-container-core-columns-is-layout-1 wp-block-columns-is-layout-flex\">\r\n<div class=\"wp-block-column is-layout-flow wp-block-column-is-layout-flow\">\r\n<h2 class=\"wp-block-heading\">Send us back your used dishes!<\/h2>\r\n\r\n\r\n\r\n<p>Our 100% plant- and mineral-based material is biodegradable in industrial compost.<\/p>\r\n\r\n\r\n\r\n<p>We need your active cooperation to achieve this: when you no longer use your tableware, we invite you to send it back to us!<\/p>\r\n\r\n\r\n\r\n<p>This way, it will never become waste and will return to nature, without any impact. This is what we call eco-responsible return.<\/p>\r\n<\/div>\r\n<\/div>\r\n\r\n\r\n\r\n<div class=\"wp-block-columns is-layout-flex wp-container-core-columns-is-layout-2 wp-block-columns-is-layout-flex\">\r\n<div class=\"wp-block-column is-layout-flow wp-block-column-is-layout-flow\">\r\n<h2 class=\"wp-block-heading\">How ?<\/h2>\r\n\r\n\r\n\r\n<p>Pack your TABLE &amp; NATURE tableware in a sturdy envelope or shipping box.<\/p>\r\n\r\n\r\n\r\n<p>Copy your first &amp; last names and the &#8216;eco-friendly return&#8217; number that you generate using the form below onto a blank sheet of paper and put the paper into your package.<\/p>\r\n\r\n\r\n\r\n<p>Then send your package to the following address:<\/p>\r\n\r\n\r\n\r\n<p class=\"has-text-align-center\"><em><strong>KOK DISTRIBUTION 73 rue Thomas Becket 59 250 HALLUIN, France<\/strong><\/em><\/p>\r\n<\/div>\r\n<\/div>\r\n\r\n\r\n\r\n<div class=\"wp-block-columns are-vertically-aligned-center is-layout-flex wp-container-core-columns-is-layout-3 wp-block-columns-is-layout-flex\">\r\n<div class=\"wp-block-column is-vertically-aligned-center has-noir-color has-blanc-background-color has-text-color has-background has-link-color wp-elements-9d9513a95855d44834cb18bd65be1b06 is-layout-flow wp-block-column-is-layout-flow\"><div class='fluentform ff-default fluentform_wrapper_7 ffs_default_wrap'><form data-form_id=\"7\" id=\"fluentform_7\" class=\"frm-fluent-form fluent_form_7 ff-el-form-top ff_form_instance_7_1 ff-form-loading ffs_default\" data-form_instance=\"ff_form_instance_7_1\" method=\"POST\" ><fieldset  style=\"border: none!important;margin: 0!important;padding: 0!important;background-color: transparent!important;box-shadow: none!important;outline: none!important; min-inline-size: 100%;\">\n                    <legend class=\"ff_screen_reader_title\" style=\"display: block; margin: 0!important;padding: 0!important;height: 0!important;text-indent: -999999px;width: 0!important;overflow:hidden;\">Eco-friendly return<\/legend><input type='hidden' name='__fluent_form_embded_post_id' value='2357' \/><input type=\"hidden\" id=\"_fluentform_7_fluentformnonce\" name=\"_fluentform_7_fluentformnonce\" value=\"a1baeacb9a\" \/><input type=\"hidden\" name=\"_wp_http_referer\" value=\"\/en\/wp-json\/wp\/v2\/pages\/2357\" \/><div data-type=\"name-element\" data-name=\"names\" class=\" ff-field_container ff-name-field-wrapper\" ><div class='ff-t-container'><div class='ff-t-cell '><div class='ff-el-group ff-el-form-top'><div class=\"ff-el-input--label ff-el-is-required asterisk-right\"><label for='ff_7_names_first_name_' >First name<\/label><\/div><div class='ff-el-input--content'><input type=\"text\" name=\"names[first_name]\" id=\"ff_7_names_first_name_\" class=\"ff-el-form-control\" aria-invalid=\"false\" aria-required=true><\/div><\/div><\/div><div class='ff-t-cell '><div class='ff-el-group ff-el-form-top'><div class=\"ff-el-input--label ff-el-is-required asterisk-right\"><label for='ff_7_names_last_name_' >Last name<\/label><\/div><div class='ff-el-input--content'><input type=\"text\" name=\"names[last_name]\" id=\"ff_7_names_last_name_\" class=\"ff-el-form-control\" aria-invalid=\"false\" aria-required=true><\/div><\/div><\/div><\/div><\/div><div class='ff-el-group'><div class=\"ff-el-input--label ff-el-is-required asterisk-right\"><label for='ff_7_input_text' aria-label=\"Phone\">Phone<\/label><\/div><div class='ff-el-input--content'><input type=\"text\" name=\"input_text\" class=\"ff-el-form-control\" placeholder=\"0600000000\" data-name=\"input_text\" id=\"ff_7_input_text\"  aria-invalid=\"false\" aria-required=true><\/div><\/div><div class='ff-el-group'><div class=\"ff-el-input--label ff-el-is-required asterisk-right\"><label for='ff_7_email' aria-label=\"Email\">Email<\/label><\/div><div class='ff-el-input--content'><input type=\"email\" name=\"email\" id=\"ff_7_email\" class=\"ff-el-form-control\" placeholder=\"nom@mail.com\" data-name=\"email\"  aria-invalid=\"false\" aria-required=true><\/div><\/div><div class='ff-el-group'><div class=\"ff-el-input--label ff-el-is-required asterisk-right\"><label for='ff_7_input_text_1' aria-label=\"Product name\">Product name<\/label><\/div><div class='ff-el-input--content'><input type=\"text\" name=\"input_text_1\" class=\"ff-el-form-control\" data-name=\"input_text_1\" id=\"ff_7_input_text_1\"  aria-invalid=\"false\" aria-required=true><\/div><\/div><div class='ff-el-group'><div class=\"ff-el-input--label ff-el-is-required asterisk-right\"><label for='ff_7_numeric_field' aria-label=\"Quantity of products to return\">Quantity of products to return<\/label><\/div><div class='ff-el-input--content'><input type=\"number\" name=\"numeric_field\" id=\"ff_7_numeric_field\" class=\"ff-el-form-control\" data-name=\"numeric_field\" inputmode=\"numeric\" step=\"1\" min=\"1\" aria-valuemin=\"1\"  aria-invalid=\"false\" aria-required=true><\/div><\/div><div class='ff-el-group ' ><div class='ff-el-input--content'><div data-fluent_id='7' name='g-recaptcha-response'><div\n\t\tdata-sitekey='6LfoYvcqAAAAAELJCjCIY0jdYyuQIAPFX96rGgzB'\n\t\tid='fluentform-recaptcha-7-1'\n\t\tclass='ff-el-recaptcha g-recaptcha'\n\t\tdata-callback='fluentFormrecaptchaSuccessCallback'><\/div><\/div><\/div><\/div><div class='ff-el-group ff-text-center ff_submit_btn_wrapper'><button type=\"submit\" class=\"ff-btn ff-btn-submit ff-btn-lg ff_btn_style wpf_has_custom_css\" >Generate an eco-friendly return number<\/button><\/div><\/fieldset><\/form><div id='fluentform_7_errors' class='ff-errors-in-stack ff_form_instance_7_1 ff-form-loading_errors ff_form_instance_7_1_errors'><\/div><\/div>            <script type=\"text\/javascript\">\n                window.fluent_form_ff_form_instance_7_1 = {\"id\":\"7\",\"settings\":{\"layout\":{\"labelPlacement\":\"top\",\"helpMessagePlacement\":\"with_label\",\"errorMessagePlacement\":\"inline\",\"cssClassName\":\"\",\"asteriskPlacement\":\"asterisk-right\"},\"restrictions\":{\"denyEmptySubmission\":{\"enabled\":false}}},\"form_instance\":\"ff_form_instance_7_1\",\"form_id_selector\":\"fluentform_7\",\"rules\":{\"names[first_name]\":{\"required\":{\"value\":true,\"message\":\"Ce champ est requis\",\"global_message\":\"Ce champ est requis\",\"global\":true}},\"names[middle_name]\":{\"required\":{\"value\":false,\"message\":\"Ce champ est requis\",\"global_message\":\"Ce champ est requis\",\"global\":true}},\"names[last_name]\":{\"required\":{\"value\":true,\"message\":\"Ce champ est requis\",\"global_message\":\"Ce champ est requis\",\"global\":true}},\"input_text\":{\"required\":{\"value\":true,\"message\":\"Ce champ est requis\",\"global_message\":\"Ce champ est requis\",\"global\":true}},\"email\":{\"required\":{\"value\":true,\"message\":\"Ce champ est requis\",\"global_message\":\"Ce champ est requis\",\"global\":true},\"email\":{\"value\":true,\"message\":\"Ce champ doit contenir un e-mail valide\",\"global_message\":\"Ce champ doit contenir un e-mail valide\",\"global\":true}},\"input_text_1\":{\"required\":{\"value\":true,\"message\":\"Ce champ est requis\",\"global_message\":\"Ce champ est requis\",\"global\":true}},\"numeric_field\":{\"required\":{\"value\":true,\"message\":\"Ce champ est requis\",\"global_message\":\"Ce champ est requis\",\"global\":true},\"numeric\":{\"value\":true,\"message\":\"Ce champ doit contenir de la valeur num\\u00e9rique\",\"global_message\":\"Ce champ doit contenir de la valeur num\\u00e9rique\",\"global\":true},\"min\":{\"value\":\"1\",\"message\":\"Ce champ doit contenir une valeur num\\u00e9rique sup\\u00e9rieure\",\"global_message\":\"Ce champ doit contenir une valeur num\\u00e9rique sup\\u00e9rieure\",\"global\":true},\"max\":{\"value\":\"\",\"message\":\"Ce champ doit contenir une valeur num\\u00e9rique inf\\u00e9rieure\",\"global_message\":\"Ce champ doit contenir une valeur num\\u00e9rique inf\\u00e9rieure\",\"global\":true},\"digits\":{\"value\":\"\",\"message\":\"Validation fails for limited digits\",\"global_message\":\"Validation fails for limited digits\",\"global\":true}},\"g-recaptcha-response\":[]},\"debounce_time\":300};\n                            <\/script>\n            \n<\/div>\r\n\r\n\r\n\r\n<div class=\"wp-block-column is-vertically-aligned-center is-layout-flow wp-block-column-is-layout-flow\">\r\n<figure class=\"wp-block-image size-large is-style-default\"><a href=\"https:\/\/tableetnature.fr\/app\/uploads\/2024\/03\/retours-eco-responsable.jpeg\"><img loading=\"lazy\" decoding=\"async\" width=\"1024\" height=\"503\" class=\"wp-image-822\" src=\"https:\/\/tableetnature.fr\/app\/uploads\/2024\/03\/retours-eco-responsable-1024x503.jpeg\" alt=\"\" srcset=\"https:\/\/www.tableetnature.fr\/app\/uploads\/2024\/03\/retours-eco-responsable-1024x503.jpeg 1024w, https:\/\/www.tableetnature.fr\/app\/uploads\/2024\/03\/retours-eco-responsable-300x147.jpeg 300w, https:\/\/www.tableetnature.fr\/app\/uploads\/2024\/03\/retours-eco-responsable-768x378.jpeg 768w, https:\/\/www.tableetnature.fr\/app\/uploads\/2024\/03\/retours-eco-responsable-600x295.jpeg 600w, https:\/\/www.tableetnature.fr\/app\/uploads\/2024\/03\/retours-eco-responsable.jpeg 1424w\" sizes=\"auto, (max-width: 1024px) 100vw, 1024px\" \/><\/a><\/figure>\r\n<\/div>\r\n<\/div>\r\n\r\n\r\n\r\n<div class=\"wp-block-columns is-layout-flex wp-container-core-columns-is-layout-5 wp-block-columns-is-layout-flex\">\r\n<div class=\"wp-block-column is-vertically-aligned-center is-layout-flow wp-block-column-is-layout-flow\">\r\n<div class=\"wp-block-columns is-layout-flex wp-container-core-columns-is-layout-4 wp-block-columns-is-layout-flex\">\r\n<div class=\"wp-block-column is-layout-flow wp-block-column-is-layout-flow\">\r\n<figure class=\"wp-block-image aligncenter size-full\"><a href=\"https:\/\/tableetnature.fr\/app\/uploads\/2024\/03\/retour-eco-responsable-protegez-la-nature.jpeg\"><img loading=\"lazy\" decoding=\"async\" width=\"900\" height=\"600\" class=\"wp-image-824\" src=\"https:\/\/tableetnature.fr\/app\/uploads\/2024\/03\/retour-eco-responsable-protegez-la-nature.jpeg\" alt=\"\" srcset=\"https:\/\/www.tableetnature.fr\/app\/uploads\/2024\/03\/retour-eco-responsable-protegez-la-nature.jpeg 900w, https:\/\/www.tableetnature.fr\/app\/uploads\/2024\/03\/retour-eco-responsable-protegez-la-nature-300x200.jpeg 300w, https:\/\/www.tableetnature.fr\/app\/uploads\/2024\/03\/retour-eco-responsable-protegez-la-nature-768x512.jpeg 768w, https:\/\/www.tableetnature.fr\/app\/uploads\/2024\/03\/retour-eco-responsable-protegez-la-nature-600x400.jpeg 600w\" sizes=\"auto, (max-width: 900px) 100vw, 900px\" \/><\/a><\/figure>\r\n<\/div>\r\n\r\n\r\n\r\n<div class=\"wp-block-column is-vertically-aligned-center is-layout-flow wp-block-column-is-layout-flow\">\r\n<h2 class=\"wp-block-heading\">As a reward for your civic gesture<\/h2>\r\n\r\n\r\n\r\n<p>We think it&#8217;s only logical to reward you!<\/p>\r\n\r\n\r\n\r\n<p>A r\u00e9ception de votre colis, <strong>nous g\u00e9n\u00e8rerons un bon d\u2019achat que nous vous adresserons par e-mail*<\/strong>.<\/p>\r\n\r\n\r\n\r\n<p>Il couvrira, \u00e0 minima, vos frais de retour et vous permettra d\u2019acqu\u00e9rir de nouveaux produits TABLE &amp; NATURE sur notre site ou chez un de nos revendeurs.<\/p>\r\n\r\n\r\n\r\n<p>*Si vous n\u2019avez pas de compte client et que vous ne souhaitez pas en cr\u00e9er un, nous vous remercions de nous communiquer malgr\u00e9 tout une adresse e-mail qui nous permettra de vous adresser votre bon d\u2019achat.<\/p>\r\n\r\n\r\n\r\n<p>Nous nous engageons \u00e0 n\u2019utiliser cette adresse que dans le cadre de l\u2019envoi de ce bon.<\/p>\r\n<\/div>\r\n<\/div>\r\n<\/div>\r\n<\/div>\r\n","protected":false},"excerpt":{"rendered":"<p>Send us back your used dishes! Our 100% plant- and mineral-based material is biodegradable in industrial compost. We need your active cooperation to achieve this: when you no longer use your tableware, we invite you to send it back to us! This way, it will never become waste and will return to nature, without any &hellip; <a href=\"https:\/\/www.tableetnature.fr\/en\/eco-friendly-return\/\">Continued<\/a><\/p>\n","protected":false},"author":1,"featured_media":2207,"parent":0,"menu_order":0,"comment_status":"closed","ping_status":"closed","template":"","meta":{"footnotes":""},"class_list":["post-2357","page","type-page","status-publish","has-post-thumbnail","hentry"],"acf":[],"_links":{"self":[{"href":"https:\/\/www.tableetnature.fr\/en\/wp-json\/wp\/v2\/pages\/2357","targetHints":{"allow":["GET"]}}],"collection":[{"href":"https:\/\/www.tableetnature.fr\/en\/wp-json\/wp\/v2\/pages"}],"about":[{"href":"https:\/\/www.tableetnature.fr\/en\/wp-json\/wp\/v2\/types\/page"}],"author":[{"embeddable":true,"href":"https:\/\/www.tableetnature.fr\/en\/wp-json\/wp\/v2\/users\/1"}],"replies":[{"embeddable":true,"href":"https:\/\/www.tableetnature.fr\/en\/wp-json\/wp\/v2\/comments?post=2357"}],"version-history":[{"count":3,"href":"https:\/\/www.tableetnature.fr\/en\/wp-json\/wp\/v2\/pages\/2357\/revisions"}],"predecessor-version":[{"id":2792,"href":"https:\/\/www.tableetnature.fr\/en\/wp-json\/wp\/v2\/pages\/2357\/revisions\/2792"}],"wp:featuredmedia":[{"embeddable":true,"href":"https:\/\/www.tableetnature.fr\/en\/wp-json\/wp\/v2\/media\/2207"}],"wp:attachment":[{"href":"https:\/\/www.tableetnature.fr\/en\/wp-json\/wp\/v2\/media?parent=2357"}],"curies":[{"name":"wp","href":"https:\/\/api.w.org\/{rel}","templated":true}]}}